{"id":286,"date":"2016-10-31T13:17:59","date_gmt":"2016-10-31T16:17:59","guid":{"rendered":"https:\/\/ensmm-ers.infd.edu.ar\/sitio\/?page_id=286"},"modified":"2026-02-20T18:42:45","modified_gmt":"2026-02-20T21:42:45","slug":"inicio","status":"publish","type":"page","link":"https:\/\/ensmm-ers.infd.edu.ar\/sitio\/","title":{"rendered":"Inicio"},"content":{"rendered":"<div id=\"metaslider-id-2960\" style=\"width: 100%; margin: 0 auto;\" class=\"ml-slider-3-33-0 metaslider metaslider-flex metaslider-2960 ml-slider ms-theme-default\" role=\"region\" aria-roledescription=\"Slideshow\" aria-label=\"Slideshow\">\n    <div id=\"metaslider_container_2960\">\n        <div id=\"metaslider_2960\" class=\"flexslider\">\n            <ul aria-live=\"polite\" class=\"slides\">\n                <li style=\"display: block; width: 100%;\" class=\"slide-2965 ms-image\" aria-roledescription=\"slide\" aria-label=\"slide-2965\"><a href=\"https:\/\/ensmm-ers.infd.edu.ar\/sitio\/carreras\/\" target=\"_blank\"><img src=\"https:\/\/ensmm-ers.infd.edu.ar\/sitio\/wp-content\/uploads\/2024\/05\/2-1000x500.png\" height=\"500\" width=\"1000\" alt=\"\" class=\"slider-2960 slide-2965\" title=\"2\" \/><\/a><\/li>\n                <li style=\"display: none; width: 100%;\" class=\"slide-2966 ms-image\" aria-roledescription=\"slide\" aria-label=\"slide-2966\"><a href=\"https:\/\/ensmm-ers.infd.edu.ar\/sitio\/carreras\/\" target=\"_blank\"><img src=\"https:\/\/ensmm-ers.infd.edu.ar\/sitio\/wp-content\/uploads\/2024\/05\/3-1000x500.png\" height=\"500\" width=\"1000\" alt=\"\" class=\"slider-2960 slide-2966\" title=\"3\" \/><\/a><\/li>\n                <li style=\"display: none; width: 100%;\" class=\"slide-2964 ms-image\" aria-roledescription=\"slide\" aria-label=\"slide-2964\"><a href=\"https:\/\/ensmm-ers.infd.edu.ar\/sitio\/carreras\/\" target=\"_blank\"><img src=\"https:\/\/ensmm-ers.infd.edu.ar\/sitio\/wp-content\/uploads\/2024\/05\/1-1000x500.png\" height=\"500\" width=\"1000\" alt=\"\" class=\"slider-2960 slide-2964\" title=\"1\" \/><\/a><\/li>\n            <\/ul>\n        <\/div>\n        \n    <\/div>\n<\/div>\n<h2 class=\"isSelectedEnd\" style=\"text-align: center;\"><strong>Reinscripciones Ciclo Lectivo 2026<\/strong><\/h2>\n<h3 class=\"isSelectedEnd\" style=\"text-align: center;\">Se informa a las y los estudiantes que se encuentran abiertas las reinscripciones para el ciclo lectivo 2026 de los siguientes profesorados:<\/h3>\n<h2 class=\"isSelectedEnd\" style=\"text-align: center;\"><strong>&#8211; Profesorado en Ciencias de la Educaci\u00f3n<\/strong><br \/><strong>&#8211; Profesorado de Educaci\u00f3n Tecnol\u00f3gica<\/strong><br \/><strong>&#8211; Profesorado de Educaci\u00f3n Secundaria en Filosof\u00eda<\/strong><\/h2>\n<h3 class=\"isSelectedEnd\" style=\"text-align: center;\">\u00a0Continu\u00e1 tu formaci\u00f3n docente y asegur\u00e1 tu lugar para el pr\u00f3ximo ciclo acad\u00e9mico.<\/h3>\n<h3 style=\"text-align: center;\">Consult\u00e1 fechas, requisitos y modalidad de reinscripci\u00f3n en la instituci\u00f3n.<br \/>\u00a1Te esperamos para seguir construyendo educaci\u00f3n!<\/h3>\n<h3 style=\"text-align: center;\">\u00a0<\/h3>\n<h5 style=\"text-align: center;\"><img decoding=\"async\" loading=\"lazy\" class=\"wp-image-3184 aligncenter\" src=\"https:\/\/ensmm-ers.infd.edu.ar\/sitio\/wp-content\/uploads\/2026\/02\/A-1000x667.png\" alt=\"\" width=\"501\" height=\"334\" srcset=\"https:\/\/ensmm-ers.infd.edu.ar\/sitio\/wp-content\/uploads\/2026\/02\/A-1000x667.png 1000w, https:\/\/ensmm-ers.infd.edu.ar\/sitio\/wp-content\/uploads\/2026\/02\/A-768x512.png 768w, https:\/\/ensmm-ers.infd.edu.ar\/sitio\/wp-content\/uploads\/2026\/02\/A.png 1536w\" sizes=\"(max-width: 501px) 100vw, 501px\" \/><\/h5>\n<h1 style=\"text-align: center;\"><a href=\"https:\/\/ensmm-ers.infd.edu.ar\/sitio\/reinscripciones-ciclo-academico-2026\/\">Reinscripciones 2026\u00a0\u00a0<\/a><\/h1>\n<h1><strong>Consultas escribir a:<\/strong><\/h1>\n<ul>\n<li>\n<h3>preceptoria.ensmm.isfd@gmail.com (consulta sobre la presentaci\u00f3n de documentaci\u00f3n necesaria para la inscripci\u00f3n.)<\/h3>\n<\/li>\n<li>\n<h3>academica.ensmm.isfd@gmail.com (consultas sobre las carreras)<\/h3>\n<\/li>\n<li>\n<h3>referentetic.ensmm.isfd@gmail.com (inconvenientes en el ingreso al campus, alta o baja de aulas virtuales)<\/h3>\n<\/li>\n<\/ul>\n<div  class=\"lgc-column lgc-grid-parent lgc-grid-33 lgc-tablet-grid-33 lgc-mobile-grid-33 lgc-equal-heights \"><div  class=\"inside-grid-column\"><a href=\"https:\/\/www.argentina.gob.ar\/educacion\/becas\"><img decoding=\"async\" loading=\"lazy\" class=\"aligncenter wp-image-1997\" src=\"https:\/\/ensmm-ers.infd.edu.ar\/sitio\/wp-content\/uploads\/2020\/04\/2.jpg\" alt=\"\" width=\"87\" height=\"80\" \/><\/a>\n<p style=\"text-align: center;\"><a href=\"https:\/\/www.argentina.gob.ar\/educacion\/becas\">Becas<\/a><\/p><\/div><\/div>\n<div  class=\"lgc-column lgc-grid-parent lgc-grid-33 lgc-tablet-grid-33 lgc-mobile-grid-33 lgc-equal-heights \"><div  class=\"inside-grid-column\"><a href=\"https:\/\/ensmm-ers.infd.edu.ar\/sitio\/biblioteca-virtual\/\"><img decoding=\"async\" loading=\"lazy\" class=\"aligncenter wp-image-1999\" src=\"https:\/\/ensmm-ers.infd.edu.ar\/sitio\/wp-content\/uploads\/2020\/04\/4.jpg\" alt=\"\" width=\"79\" height=\"78\" \/><\/a>\n<p style=\"text-align: center;\"><a href=\"https:\/\/ensmm-ers.infd.edu.ar\/sitio\/biblioteca-virtual\/\">Bibliotecas Virtuales<\/a><\/p><\/div><\/div>\n<div  class=\"lgc-column lgc-grid-parent lgc-grid-33 lgc-tablet-grid-33 lgc-mobile-grid-33 lgc-equal-heights \"><div  class=\"inside-grid-column\"><a href=\"https:\/\/ensmm-ers.infd.edu.ar\/aula\/acceso.cgi\"><img decoding=\"async\" loading=\"lazy\" class=\"aligncenter wp-image-2000\" src=\"https:\/\/ensmm-ers.infd.edu.ar\/sitio\/wp-content\/uploads\/2020\/04\/5.jpg\" alt=\"\" width=\"91\" height=\"85\" \/><\/a>\n<p style=\"text-align: center;\"><a href=\"https:\/\/ensmm-ers.infd.edu.ar\/aula\/acceso.cgi\">Campus<\/a><\/p><\/div><\/div><div class=\"lgc-clear\"><\/div>\n<h1>Noticias<\/h1>\n<style>.wp-show-posts-columns#wpsp-1348 {margin-left: -2em; }.wp-show-posts-columns#wpsp-1348 .wp-show-posts-inner {margin: 0 0 2em 2em; }<\/style><section id=\"wpsp-1348\" class=\" wp-show-posts-columns wp-show-posts\" style=\"\"><article class=\" wp-show-posts-single post-3175 post type-post status-publish format-standard hentry category-alumnos category-institucionales category-noticias wpsp-col-3\" itemtype=\"http:\/\/schema.org\/CreativeWork\" itemscope><div class=\"wp-show-posts-inner\" style=\"\">\t\t\t\t\t\t<header class=\"wp-show-posts-entry-header\">\n\t\t\t\t\t\t\t<h5 class=\"wp-show-posts-entry-title\" itemprop=\"headline\"><a href=\"https:\/\/ensmm-ers.infd.edu.ar\/sitio\/reinscripciones-ciclo-academico-2026\/\" rel=\"bookmark\">Reinscripciones ciclo acad\u00e9mico- 2026<\/a><\/h5><div class=\"wp-show-posts-entry-meta wp-show-posts-entry-meta-below-title post-meta-inline\"><span class=\"wp-show-posts-posted-on wp-show-posts-meta\">\n\t\t\t\t\t<a href=\"https:\/\/ensmm-ers.infd.edu.ar\/sitio\/reinscripciones-ciclo-academico-2026\/\" title=\"7:20 pm\" rel=\"bookmark\"><time class=\"wp-show-posts-entry-date published\" datetime=\"2026-02-18T19:20:34-03:00\" itemprop=\"datePublished\">18 febrero, 2026<\/time><time class=\"wp-show-posts-updated\" datetime=\"2026-02-20T18:21:01-03:00\" itemprop=\"dateModified\">20 febrero, 2026<\/time><\/a>\n\t\t\t\t<\/span><\/div>\t\t\t\t\t\t<\/header><!-- .entry-header -->\n\t\t\t\t\t\t\t\t\t\t\t<div class=\"wp-show-posts-entry-summary\" itemprop=\"text\">\n\t\t\t\t\t\t\t<p>INSCRIPCI\u00d3N A ESPACIOS CURRICULARES QUE VA A CURSAR DURANTE 2026 Corroborar las correlativas y solo inscribirse en espacios habilitados a&#8230;<\/p>\n\t\t\t\t\t\t<\/div><!-- .entry-summary -->\n\t\t\t\t\t<div class=\"wpsp-read-more\"><a title=\"Reinscripciones ciclo acad\u00e9mico- 2026\" class=\"wp-show-posts-read-more\" href=\"https:\/\/ensmm-ers.infd.edu.ar\/sitio\/reinscripciones-ciclo-academico-2026\/\">M\u00e1s Info<\/a><\/div><\/div><!-- wp-show-posts-inner --><\/article><article class=\" wp-show-posts-single post-3158 post type-post status-publish format-standard has-post-thumbnail hentry category-alumnos category-institucionales category-noticias wpsp-col-3\" itemtype=\"http:\/\/schema.org\/CreativeWork\" itemscope><div class=\"wp-show-posts-inner\" style=\"\">\t\t<div class=\"wp-show-posts-image  wpsp-image-center \">\n\t\t\t<a href=\"https:\/\/ensmm-ers.infd.edu.ar\/sitio\/introductorio-2025\/\"  title=\"INTRODUCTORIO 2025\">\t\t\t\t\t<img src=\"https:\/\/ensmm-ers.infd.edu.ar\/sitio\/wp-content\/uploads\/2025\/03\/2025-1-e1741613183979-300x300.png\" alt=\"INTRODUCTORIO 2025\" itemprop=\"image\" class=\"center\" \/>\n\t\t\t\t<\/a>\t\t<\/div>\n\t\t\t\t\t\t\t\t<header class=\"wp-show-posts-entry-header\">\n\t\t\t\t\t\t\t<h5 class=\"wp-show-posts-entry-title\" itemprop=\"headline\"><a href=\"https:\/\/ensmm-ers.infd.edu.ar\/sitio\/introductorio-2025\/\" rel=\"bookmark\">INTRODUCTORIO 2025<\/a><\/h5><div class=\"wp-show-posts-entry-meta wp-show-posts-entry-meta-below-title post-meta-inline\"><span class=\"wp-show-posts-posted-on wp-show-posts-meta\">\n\t\t\t\t\t<a href=\"https:\/\/ensmm-ers.infd.edu.ar\/sitio\/introductorio-2025\/\" title=\"10:26 am\" rel=\"bookmark\"><time class=\"wp-show-posts-entry-date published\" datetime=\"2025-03-10T10:26:50-03:00\" itemprop=\"datePublished\">10 marzo, 2025<\/time><time class=\"wp-show-posts-updated\" datetime=\"2025-03-10T10:26:52-03:00\" itemprop=\"dateModified\">10 marzo, 2025<\/time><\/a>\n\t\t\t\t<\/span><\/div>\t\t\t\t\t\t<\/header><!-- .entry-header -->\n\t\t\t\t\t\t\t\t\t\t\t<div class=\"wp-show-posts-entry-summary\" itemprop=\"text\">\n\t\t\t\t\t\t\t<p>Hoy a las 19hs da comienzo el curso introductorio a nuestras carreras docentes. El mismo tiene una duraci\u00f3n de tres&#8230;<\/p>\n\t\t\t\t\t\t<\/div><!-- .entry-summary -->\n\t\t\t\t\t<div class=\"wpsp-read-more\"><a title=\"INTRODUCTORIO 2025\" class=\"wp-show-posts-read-more\" href=\"https:\/\/ensmm-ers.infd.edu.ar\/sitio\/introductorio-2025\/\">M\u00e1s Info<\/a><\/div><\/div><!-- wp-show-posts-inner --><\/article><article class=\" wp-show-posts-single post-3150 post type-post status-publish format-standard has-post-thumbnail hentry category-alumnos category-institucionales category-noticias wpsp-col-3\" itemtype=\"http:\/\/schema.org\/CreativeWork\" itemscope><div class=\"wp-show-posts-inner\" style=\"\">\t\t<div class=\"wp-show-posts-image  wpsp-image-center \">\n\t\t\t<a href=\"https:\/\/ensmm-ers.infd.edu.ar\/sitio\/inscripcion-a-espacios-curriculares-2025\/\"  title=\"Reinscripciones ciclo acad\u00e9mico- 2025\">\t\t\t\t\t<img src=\"https:\/\/ensmm-ers.infd.edu.ar\/sitio\/wp-content\/uploads\/2023\/09\/336165919_780714280079028_187161568329959377_n-1-e1717106824336-300x300.jpg\" alt=\"Reinscripciones ciclo acad\u00e9mico- 2025\" itemprop=\"image\" class=\"center\" \/>\n\t\t\t\t<\/a>\t\t<\/div>\n\t\t\t\t\t\t\t\t<header class=\"wp-show-posts-entry-header\">\n\t\t\t\t\t\t\t<h5 class=\"wp-show-posts-entry-title\" itemprop=\"headline\"><a href=\"https:\/\/ensmm-ers.infd.edu.ar\/sitio\/inscripcion-a-espacios-curriculares-2025\/\" rel=\"bookmark\">Reinscripciones ciclo acad\u00e9mico- 2025<\/a><\/h5><div class=\"wp-show-posts-entry-meta wp-show-posts-entry-meta-below-title post-meta-inline\"><span class=\"wp-show-posts-posted-on wp-show-posts-meta\">\n\t\t\t\t\t<a href=\"https:\/\/ensmm-ers.infd.edu.ar\/sitio\/inscripcion-a-espacios-curriculares-2025\/\" title=\"8:18 pm\" rel=\"bookmark\"><time class=\"wp-show-posts-entry-date published\" datetime=\"2025-03-05T20:18:17-03:00\" itemprop=\"datePublished\">5 marzo, 2025<\/time><time class=\"wp-show-posts-updated\" datetime=\"2025-03-10T18:46:06-03:00\" itemprop=\"dateModified\">10 marzo, 2025<\/time><\/a>\n\t\t\t\t<\/span><\/div>\t\t\t\t\t\t<\/header><!-- .entry-header -->\n\t\t\t\t\t\t\t\t\t\t\t<div class=\"wp-show-posts-entry-summary\" itemprop=\"text\">\n\t\t\t\t\t\t\t<p>Inscripci\u00f3n a ESPACIOS CURRICULARES QUE VA A CURSAR DURANTE 2025 ATENCI\u00d3N Corroborar las correlativas y solo inscribirse en espacios habilitados&#8230;<\/p>\n\t\t\t\t\t\t<\/div><!-- .entry-summary -->\n\t\t\t\t\t<div class=\"wpsp-read-more\"><a title=\"Reinscripciones ciclo acad\u00e9mico- 2025\" class=\"wp-show-posts-read-more\" href=\"https:\/\/ensmm-ers.infd.edu.ar\/sitio\/inscripcion-a-espacios-curriculares-2025\/\">M\u00e1s Info<\/a><\/div><\/div><!-- wp-show-posts-inner --><\/article><article class=\" wp-show-posts-single post-3146 post type-post status-publish format-standard has-post-thumbnail hentry category-alumnos category-institucionales category-noticias wpsp-col-3\" itemtype=\"http:\/\/schema.org\/CreativeWork\" itemscope><div class=\"wp-show-posts-inner\" style=\"\">\t\t<div class=\"wp-show-posts-image  wpsp-image-center \">\n\t\t\t<a href=\"https:\/\/ensmm-ers.infd.edu.ar\/sitio\/calendario-escolar-2025\/\"  title=\"Calendario Escolar 2025\">\t\t\t\t\t<img src=\"https:\/\/ensmm-ers.infd.edu.ar\/sitio\/wp-content\/uploads\/2025\/02\/Your-paragraph-text-300x300.png\" alt=\"Calendario Escolar 2025\" itemprop=\"image\" class=\"center\" \/>\n\t\t\t\t<\/a>\t\t<\/div>\n\t\t\t\t\t\t\t\t<header class=\"wp-show-posts-entry-header\">\n\t\t\t\t\t\t\t<h5 class=\"wp-show-posts-entry-title\" itemprop=\"headline\"><a href=\"https:\/\/ensmm-ers.infd.edu.ar\/sitio\/calendario-escolar-2025\/\" rel=\"bookmark\">Calendario Escolar 2025<\/a><\/h5><div class=\"wp-show-posts-entry-meta wp-show-posts-entry-meta-below-title post-meta-inline\"><span class=\"wp-show-posts-posted-on wp-show-posts-meta\">\n\t\t\t\t\t<a href=\"https:\/\/ensmm-ers.infd.edu.ar\/sitio\/calendario-escolar-2025\/\" title=\"8:04 pm\" rel=\"bookmark\"><time class=\"wp-show-posts-entry-date published\" datetime=\"2025-02-11T20:04:05-03:00\" itemprop=\"datePublished\">11 febrero, 2025<\/time><time class=\"wp-show-posts-updated\" datetime=\"2025-02-11T20:04:08-03:00\" itemprop=\"dateModified\">11 febrero, 2025<\/time><\/a>\n\t\t\t\t<\/span><\/div>\t\t\t\t\t\t<\/header><!-- .entry-header -->\n\t\t\t\t\t\t\t\t\t\t\t<div class=\"wp-show-posts-entry-summary\" itemprop=\"text\">\n\t\t\t\t\t\t\t<p>El Consejo General de Educaci\u00f3n de la Provincia de Entre R\u00edos y notifica el Calendario Escolar,&nbsp;Resoluci\u00f3n N\u00ba 4240\/24, correspondiente al&#8230;<\/p>\n\t\t\t\t\t\t<\/div><!-- .entry-summary -->\n\t\t\t\t\t<div class=\"wpsp-read-more\"><a title=\"Calendario Escolar 2025\" class=\"wp-show-posts-read-more\" href=\"https:\/\/ensmm-ers.infd.edu.ar\/sitio\/calendario-escolar-2025\/\">M\u00e1s Info<\/a><\/div><\/div><!-- wp-show-posts-inner --><\/article><div class=\"wpsp-clear\"><\/div><\/section><!-- .wp-show-posts --><div class=\"wpsp-load-more\"><span aria-current=\"page\" class=\"page-numbers current\">1<\/span>\n<a class=\"page-numbers\" href=\"https:\/\/ensmm-ers.infd.edu.ar\/sitio\/wp-json\/wp\/v2\/pages\/286\/page\/2\/\">2<\/a>\n<span class=\"page-numbers dots\">&hellip;<\/span>\n<a class=\"page-numbers\" href=\"https:\/\/ensmm-ers.infd.edu.ar\/sitio\/wp-json\/wp\/v2\/pages\/286\/page\/56\/\">56<\/a>\n<a class=\"next page-numbers\" href=\"https:\/\/ensmm-ers.infd.edu.ar\/sitio\/wp-json\/wp\/v2\/pages\/286\/page\/2\/\">Siguiente &rarr;<\/a><\/div>\n<h1>Destacados<\/h1>\n<p style=\"text-align: center;\"><div  class=\"lgc-column lgc-grid-parent lgc-grid-25 lgc-tablet-grid-25 lgc-mobile-grid-25 lgc-equal-heights \"><div  class=\"inside-grid-column\"><a href=\"https:\/\/ensmm-ers.infd.edu.ar\/sitio\/inicio\/planillas-digitalizadas\/\"><img decoding=\"async\" loading=\"lazy\" class=\"aligncenter wp-image-2024\" src=\"https:\/\/ensmm-ers.infd.edu.ar\/sitio\/wp-content\/uploads\/2020\/04\/66.png\" alt=\"\" width=\"107\" height=\"107\" \/><\/a><a href=\"https:\/\/ensmm-ers.infd.edu.ar\/sitio\/inicio\/planillas-digitalizadas\/\">Planillas digitalizadas para alumnos<\/a><\/div><\/div>\n<div  class=\"lgc-column lgc-grid-parent lgc-grid-25 lgc-tablet-grid-25 lgc-mobile-grid-25 lgc-equal-heights \"><div  class=\"inside-grid-column\">\n<p style=\"text-align: center;\"><a href=\"https:\/\/ensmm-ers.infd.edu.ar\/sitio\/planillas-digitalizadas\/\"><img decoding=\"async\" loading=\"lazy\" class=\"wp-image-2025 aligncenter\" src=\"https:\/\/ensmm-ers.infd.edu.ar\/sitio\/wp-content\/uploads\/2020\/04\/77.png\" alt=\"\" width=\"110\" height=\"112\" \/><\/a><a href=\"https:\/\/ensmm-ers.infd.edu.ar\/sitio\/planillas-digitalizadas\/\">Planillas digitalizadas para docentes<\/a><\/p><\/div><\/div>\n<div  class=\"lgc-column lgc-grid-parent lgc-grid-25 lgc-tablet-grid-25 lgc-mobile-grid-25 lgc-equal-heights \"><div  class=\"inside-grid-column\">\n<p style=\"text-align: center;\"><a href=\"https:\/\/ensmm-ers.infd.edu.ar\/sitio\/docentes\/normativa\/\"><img decoding=\"async\" loading=\"lazy\" class=\"wp-image-2028 aligncenter\" src=\"https:\/\/ensmm-ers.infd.edu.ar\/sitio\/wp-content\/uploads\/2020\/04\/88.png\" alt=\"\" width=\"104\" height=\"104\" \/>Resoluciones Nivel Superior<\/a><\/p><\/div><\/div>\n<div  class=\"lgc-column lgc-grid-parent lgc-grid-25 lgc-tablet-grid-25 lgc-mobile-grid-25 lgc-equal-heights \"><div  class=\"inside-grid-column\"> <img decoding=\"async\" loading=\"lazy\" class=\"wp-image-2058 aligncenter\" src=\"https:\/\/ensmm-ers.infd.edu.ar\/sitio\/wp-content\/uploads\/2020\/04\/999.png\" alt=\"\" width=\"92\" height=\"92\" \/>\n<p style=\"text-align: center;\"><a href=\"https:\/\/ensmm-ers.infd.edu.ar\/sitio\/tutoriales\/\">Tutoriales<\/a><\/p><\/div><\/div><div class=\"lgc-clear\"><\/div>\n<h1>Revista SER<\/h1>\n<p>Este proyecto surge desde el Profesorado de Educaci\u00f3n Secundaria en Filosof\u00eda, en el cual se propone <strong>recuperar la revista-libro \u201cSER\u201d<\/strong> de los Cursos de Profesorado de la Escuela Normal Mariano Moreno de Concepci\u00f3n del Uruguay (publicada entre 1962 y 1994). Se propone: realizar la labor de escaneo-digitalizaci\u00f3n de los ejemplares y publicar todos los ejemplares digitalizados en un apartado especial de la p\u00e1gina oficial del ISFD de la Escuela Normal Mariano Moreno para compartir con la comunidad un material tan valioso.<\/p>\n<p><strong>Or\u00edgenes de la revista-libro \u00abSER\u00bb<\/strong><\/p>\n<p>En noviembre de 1962, a dos a\u00f1os de haberse creado los cursos del Profesorado en la Escuela Normal de Concepci\u00f3n del Uruguay, un grupo de docentes de la instituci\u00f3n decidieron impulsar una \u201crevista de investigaci\u00f3n\u201d concebida como \u201cuna manera \u00fatil de complementar la ense\u00f1anza superior\u201d. As\u00ed naci\u00f3 la revista SER, \u201crevista de los cursos del Profesorado de la Escuela Normal Mariano Moreno de Concepci\u00f3n del Uruguay\u201d. La encabezaron los profesores Roberto \u00c1ngel Parodi (de Literatura) y Alberto Jaime Masram\u00f3n (de Historia), y el primero consejo de redacci\u00f3n estuvo integrado por Dar\u00edo Peretti y H\u00e9ctor Izaguirre (ambos de Literatura) y Amalia Aguilar y Eduardo Giqueaux (de Filosof\u00eda).Entre sus \u201cm\u00e1s importantes objetivos\u201d se enumeraba la intenci\u00f3n de \u201cbrindar una publicaci\u00f3n t\u00e9cnica pero a la vez din\u00e1mica que sirva de material bibliogr\u00e1fico a los alumnos, profundizando temas de inter\u00e9s general\u201d y adem\u00e1s \u201cposibilitar a sus profesores el medio de dar a conocer sus inquietudes con trabajos in\u00e9ditos que complementen la tarea del aula\u201d.\u00a0<\/p>\n<p>&nbsp;<\/p>\n<p style=\"text-align: center;\"><div  class=\"lgc-column lgc-grid-parent lgc-grid-50 lgc-tablet-grid-50 lgc-mobile-grid-50 lgc-equal-heights \"><div  class=\"inside-grid-column\">\n<p style=\"text-align: center;\"><a href=\"https:\/\/ensmm-ers.infd.edu.ar\/sitio\/inicio\/planillas-digitalizadas\/\"><iframe loading=\"lazy\" src=\"https:\/\/archive.org\/embed\/ser-01\" width=\"560\" height=\"384\" frameborder=\"0\" allowfullscreen=\"allowfullscreen\"><\/iframe><\/a><\/p>\n<p style=\"text-align: center;\"><a href=\"https:\/\/archive.org\/details\/ser-01\/mode\/1up\">SER 01<\/a><\/p><\/div><\/div>\n<p style=\"text-align: center;\"><div  class=\"lgc-column lgc-grid-parent lgc-grid-50 lgc-tablet-grid-50 lgc-mobile-grid-50 lgc-equal-heights \"><div  class=\"inside-grid-column\">\n<p style=\"text-align: center;\"><a href=\"https:\/\/archive.org\/details\/ser-02_202210\/page\/n4\/mode\/1up\"><iframe loading=\"lazy\" src=\"https:\/\/archive.org\/embed\/ser-02_202210\" width=\"560\" height=\"384\" frameborder=\"0\" allowfullscreen=\"allowfullscreen\"><\/iframe><\/a><\/p>\n<p style=\"text-align: center;\"><a href=\"https:\/\/archive.org\/details\/ser-02_202210\/page\/n4\/mode\/1up\">SER 02<\/a><\/p><\/div><\/div><div class=\"lgc-clear\"><\/div>\n<hr \/>\n<p style=\"text-align: center;\">\u00a0<\/p>\n<p style=\"text-align: center;\"><div  class=\"lgc-column lgc-grid-parent lgc-grid-50 lgc-tablet-grid-50 lgc-mobile-grid-50 lgc-equal-heights \"><div  class=\"inside-grid-column\">\n<p style=\"text-align: center;\"><iframe loading=\"lazy\" src=\"https:\/\/archive.org\/embed\/ser-03\" width=\"560\" height=\"384\" frameborder=\"0\" allowfullscreen=\"allowfullscreen\"><\/iframe><\/p>\n<p style=\"text-align: center;\"><a href=\"https:\/\/archive.org\/details\/ser-03\/page\/n2\/mode\/1up\">SER 03<\/a><\/p><\/div><\/div>\n<div  class=\"lgc-column lgc-grid-parent lgc-grid-50 lgc-tablet-grid-50 lgc-mobile-grid-50 lgc-equal-heights \"><div  class=\"inside-grid-column\">\n<p style=\"text-align: center;\"><iframe loading=\"lazy\" src=\"https:\/\/archive.org\/embed\/ser-04\" width=\"560\" height=\"384\" frameborder=\"0\" allowfullscreen=\"allowfullscreen\"><\/iframe><\/p>\n<p style=\"text-align: center;\"><a href=\"https:\/\/archive.org\/details\/ser-04\/mode\/1up\">SER 04<\/a><\/p><\/div><\/div><div class=\"lgc-clear\"><\/div>\n<h2 style=\"text-align: center;\">Acceso al resto de los n\u00fameros[<a href=\"https:\/\/ensmm-ers.infd.edu.ar\/sitio\/revista-ser\/\">m\u00e1s &#8230;<\/a>]<\/h2>\n","protected":false},"excerpt":{"rendered":"<p>Reinscripciones Ciclo Lectivo 2026 Se informa a las y los estudiantes que se encuentran abiertas las reinscripciones para el ciclo lectivo 2026 de los siguientes profesorados: &#8211; Profesorado en Ciencias de la Educaci\u00f3n&#8211; Profesorado de Educaci\u00f3n Tecnol\u00f3gica&#8211; Profesorado de Educaci\u00f3n Secundaria en Filosof\u00eda \u00a0Continu\u00e1 tu formaci\u00f3n docente y asegur\u00e1 tu lugar para el pr\u00f3ximo ciclo &#8230; <a title=\"Calendario Escolar 2025\" class=\"read-more\" href=\"https:\/\/ensmm-ers.infd.edu.ar\/sitio\/calendario-escolar-2025\/\" aria-label=\"More on Calendario Escolar 2025\">[+]<\/a><\/p>\n","protected":false},"author":1950,"featured_media":0,"parent":0,"menu_order":0,"comment_status":"closed","ping_status":"closed","template":"","meta":[],"acf":[],"_links":{"self":[{"href":"https:\/\/ensmm-ers.infd.edu.ar\/sitio\/wp-json\/wp\/v2\/pages\/286"}],"collection":[{"href":"https:\/\/ensmm-ers.infd.edu.ar\/sitio\/wp-json\/wp\/v2\/pages"}],"about":[{"href":"https:\/\/ensmm-ers.infd.edu.ar\/sitio\/wp-json\/wp\/v2\/types\/page"}],"author":[{"embeddable":true,"href":"https:\/\/ensmm-ers.infd.edu.ar\/sitio\/wp-json\/wp\/v2\/users\/1950"}],"replies":[{"embeddable":true,"href":"https:\/\/ensmm-ers.infd.edu.ar\/sitio\/wp-json\/wp\/v2\/comments?post=286"}],"version-history":[{"count":436,"href":"https:\/\/ensmm-ers.infd.edu.ar\/sitio\/wp-json\/wp\/v2\/pages\/286\/revisions"}],"predecessor-version":[{"id":3186,"href":"https:\/\/ensmm-ers.infd.edu.ar\/sitio\/wp-json\/wp\/v2\/pages\/286\/revisions\/3186"}],"wp:attachment":[{"href":"https:\/\/ensmm-ers.infd.edu.ar\/sitio\/wp-json\/wp\/v2\/media?parent=286"}],"curies":[{"name":"wp","href":"https:\/\/api.w.org\/{rel}","templated":true}]}}