{"id":2047,"date":"2020-04-13T15:21:43","date_gmt":"2020-04-13T18:21:43","guid":{"rendered":"https:\/\/ensmm-ers.infd.edu.ar\/sitio\/?page_id=2047"},"modified":"2020-04-14T21:11:03","modified_gmt":"2020-04-15T00:11:03","slug":"acompanando-a-los-estudiantes","status":"publish","type":"page","link":"https:\/\/ensmm-ers.infd.edu.ar\/sitio\/acompanando-a-los-estudiantes\/","title":{"rendered":"Acompa\u00f1ando a los estudiantes"},"content":{"rendered":"<p>Desde Preceptor\u00eda, Secretar\u00eda Acad\u00e9mica y en conjunto con la Referente T\u00e9cnico Institucional, se relizan encuentros virtuales con los estudiantes para responder consultas relacionadas a cada \u00e1rea. De esta manera poder acompa\u00f1ar a los estudiantes en esta nueva forma de comunicarnos y cursar.<\/p>\n<p><img decoding=\"async\" loading=\"lazy\" class=\"alignnone wp-image-2048\" src=\"https:\/\/ensmm-ers.infd.edu.ar\/sitio\/wp-content\/uploads\/2020\/04\/yani-750x1000.jpeg\" alt=\"\" width=\"534\" height=\"712\" \/> <img decoding=\"async\" loading=\"lazy\" class=\"alignnone wp-image-2049\" src=\"https:\/\/ensmm-ers.infd.edu.ar\/sitio\/wp-content\/uploads\/2020\/04\/WhatsApp-Image-2020-04-08-at-10.15.27-566x1000.jpeg\" alt=\"\" width=\"405\" height=\"715\" srcset=\"https:\/\/ensmm-ers.infd.edu.ar\/sitio\/wp-content\/uploads\/2020\/04\/WhatsApp-Image-2020-04-08-at-10.15.27-566x1000.jpeg 566w, https:\/\/ensmm-ers.infd.edu.ar\/sitio\/wp-content\/uploads\/2020\/04\/WhatsApp-Image-2020-04-08-at-10.15.27.jpeg 606w\" sizes=\"(max-width: 405px) 100vw, 405px\" \/><\/p>\n","protected":false},"excerpt":{"rendered":"<p>Desde Preceptor\u00eda, Secretar\u00eda Acad\u00e9mica y en conjunto con la Referente T\u00e9cnico Institucional, se relizan encuentros virtuales con los estudiantes para responder consultas relacionadas a cada \u00e1rea. De esta manera poder acompa\u00f1ar a los estudiantes en esta nueva forma de comunicarnos y cursar.<\/p>\n","protected":false},"author":577,"featured_media":2048,"parent":0,"menu_order":0,"comment_status":"closed","ping_status":"closed","template":"","meta":[],"acf":[],"_links":{"self":[{"href":"https:\/\/ensmm-ers.infd.edu.ar\/sitio\/wp-json\/wp\/v2\/pages\/2047"}],"collection":[{"href":"https:\/\/ensmm-ers.infd.edu.ar\/sitio\/wp-json\/wp\/v2\/pages"}],"about":[{"href":"https:\/\/ensmm-ers.infd.edu.ar\/sitio\/wp-json\/wp\/v2\/types\/page"}],"author":[{"embeddable":true,"href":"https:\/\/ensmm-ers.infd.edu.ar\/sitio\/wp-json\/wp\/v2\/users\/577"}],"replies":[{"embeddable":true,"href":"https:\/\/ensmm-ers.infd.edu.ar\/sitio\/wp-json\/wp\/v2\/comments?post=2047"}],"version-history":[{"count":2,"href":"https:\/\/ensmm-ers.infd.edu.ar\/sitio\/wp-json\/wp\/v2\/pages\/2047\/revisions"}],"predecessor-version":[{"id":2070,"href":"https:\/\/ensmm-ers.infd.edu.ar\/sitio\/wp-json\/wp\/v2\/pages\/2047\/revisions\/2070"}],"wp:featuredmedia":[{"embeddable":true,"href":"https:\/\/ensmm-ers.infd.edu.ar\/sitio\/wp-json\/wp\/v2\/media\/2048"}],"wp:attachment":[{"href":"https:\/\/ensmm-ers.infd.edu.ar\/sitio\/wp-json\/wp\/v2\/media?parent=2047"}],"curies":[{"name":"wp","href":"https:\/\/api.w.org\/{rel}","templated":true}]}}