{"id":1853,"date":"2020-01-24T23:06:25","date_gmt":"2020-01-25T02:06:25","guid":{"rendered":"https:\/\/ensmm-ers.infd.edu.ar\/sitio\/?page_id=1853"},"modified":"2022-02-21T21:10:43","modified_gmt":"2022-02-22T00:10:43","slug":"normativa","status":"publish","type":"page","link":"https:\/\/ensmm-ers.infd.edu.ar\/sitio\/docentes\/normativa\/","title":{"rendered":"Normativa"},"content":{"rendered":"<h1>Normativa Nivel Superior<\/h1>\n<h1>2012<\/h1>\n<p class=\"entry__header__title\">Resoluci\u00f3n <a href=\"https:\/\/drive.google.com\/open?id=11RW3RRC3W5-74HTx9_z79rZG5ipak8bb\">2300\/12 CGE<\/a><\/p>\n<h1>2015<\/h1>\n<p>Resoluci\u00f3n\u00a0<a href=\"https:\/\/drive.google.com\/open?id=1qrPfXg0tOjGOjPQ3kbPXoRwxo2x7flNI\">4789-15_CGE_Ampliacion_y_modificacion_del_Reglamento_Organico_Marco<\/a><\/p>\n<h1>2016<\/h1>\n<p class=\"entry-title\">Resoluci\u00f3n <a href=\"http:\/\/www.agmernogoya.com\/wp-content\/uploads\/2016\/05\/11-Resoluci%C3%B3n-1471-16-midifica-res-2300-CGE.pdf\">1471\/16 CGE \u2013 Nivel Superior\u00a0<\/a><\/p>\n<h1>2017<\/h1>\n<p>Resoluci\u00f3n <a href=\"http:\/\/cge.entrerios.gov.ar\/normativas\/#archivos%2FDocumentos%2FResoluciones%20CGE\">N\u00b0 0836-17 CGE Procedimiento del Registro de T\u00edtulos para el Concurso de Horas y Cargos de Ascenso en Nivel Superior<\/a><\/p>\n<p><a href=\"https:\/\/des-ers.infd.edu.ar\/sitio\/formacion-docente\/upload\/Resolucion_1419-17_CGE.pdf\">Resoluci\u00f3n https:\/\/des-ers.infd.edu.ar\/sitio\/formacion-docente\/upload\/Resolucion_1419-17_CGE.pdf\u00a0 &#8211; Correlativas Ciencias de la educaci\u00f3n<\/a><\/p>\n<p><a href=\"https:\/\/drive.google.com\/file\/d\/1k9KK3xg-pA9WfHdQYM0v9td6TRkFtdEm\/view?usp=sharing\">Resoluci\u00f3n- Resoluci\u00f3n 1418-17 &#8211; Correlativas Educaci\u00f3n Tecnol\u00f3gica<\/a><\/p>\n<h1>2018<\/h1>\n<p>Resoluci\u00f3n <a href=\"http:\/\/www.agmernogoya.com\/wp-content\/uploads\/2018\/04\/Res.-111-18-JC.pdf\">111\/18 JC &#8211; Presentaci\u00f3n, Recepci\u00f3n y devoluci\u00f3n de carpetas de antecedentes<\/a><\/p>\n<h1><strong>2019<\/strong><\/h1>\n<p>Resoluci\u00f3n\u00a0<a href=\"https:\/\/ensmm-ers.infd.edu.ar\/sitio\/wp-content\/uploads\/2020\/01\/4967-19-CGE-Aprueba-R\u00e9gimen-Acad\u00e9mico-Marco-RAM-Institutos-de-Educ.-Superior.pdf\">4967-19-CGE-Aprueba-R\u00e9gimen-Acad\u00e9mico-Marco-RAM-Institutos-de-Educ.-Superior<\/a><\/p>\n<h1>2020<\/h1>\n<p>Resoluci\u00f3n\u00a0<a href=\"https:\/\/drive.google.com\/open?id=1pxCyfsPCZqNqxGCGQKMt3SK1F9lUsvPb\">0555-20 CGE Mod Anexo I Res N\u00ba 4967-19 CGE, R\u00e9gimen Acad\u00e9mico Marco (RAM)<\/a><\/p>\n","protected":false},"excerpt":{"rendered":"<p>Normativa Nivel Superior 2012 Resoluci\u00f3n 2300\/12 CGE 2015 Resoluci\u00f3n\u00a04789-15_CGE_Ampliacion_y_modificacion_del_Reglamento_Organico_Marco 2016 Resoluci\u00f3n 1471\/16 CGE \u2013 Nivel Superior\u00a0 2017 Resoluci\u00f3n N\u00b0 0836-17 CGE Procedimiento del Registro de T\u00edtulos para el Concurso de Horas y Cargos de Ascenso en Nivel Superior Resoluci\u00f3n https:\/\/des-ers.infd.edu.ar\/sitio\/formacion-docente\/upload\/Resolucion_1419-17_CGE.pdf\u00a0 &#8211; Correlativas Ciencias de la educaci\u00f3n Resoluci\u00f3n- Resoluci\u00f3n 1418-17 &#8211; Correlativas Educaci\u00f3n Tecnol\u00f3gica 2018 Resoluci\u00f3n &#8230; <a title=\"Normativa\" class=\"read-more\" href=\"https:\/\/ensmm-ers.infd.edu.ar\/sitio\/docentes\/normativa\/\" aria-label=\"More on Normativa\">[+]<\/a><\/p>\n","protected":false},"author":577,"featured_media":0,"parent":1187,"menu_order":0,"comment_status":"closed","ping_status":"closed","template":"","meta":[],"acf":[],"_links":{"self":[{"href":"https:\/\/ensmm-ers.infd.edu.ar\/sitio\/wp-json\/wp\/v2\/pages\/1853"}],"collection":[{"href":"https:\/\/ensmm-ers.infd.edu.ar\/sitio\/wp-json\/wp\/v2\/pages"}],"about":[{"href":"https:\/\/ensmm-ers.infd.edu.ar\/sitio\/wp-json\/wp\/v2\/types\/page"}],"author":[{"embeddable":true,"href":"https:\/\/ensmm-ers.infd.edu.ar\/sitio\/wp-json\/wp\/v2\/users\/577"}],"replies":[{"embeddable":true,"href":"https:\/\/ensmm-ers.infd.edu.ar\/sitio\/wp-json\/wp\/v2\/comments?post=1853"}],"version-history":[{"count":12,"href":"https:\/\/ensmm-ers.infd.edu.ar\/sitio\/wp-json\/wp\/v2\/pages\/1853\/revisions"}],"predecessor-version":[{"id":2406,"href":"https:\/\/ensmm-ers.infd.edu.ar\/sitio\/wp-json\/wp\/v2\/pages\/1853\/revisions\/2406"}],"up":[{"embeddable":true,"href":"https:\/\/ensmm-ers.infd.edu.ar\/sitio\/wp-json\/wp\/v2\/pages\/1187"}],"wp:attachment":[{"href":"https:\/\/ensmm-ers.infd.edu.ar\/sitio\/wp-json\/wp\/v2\/media?parent=1853"}],"curies":[{"name":"wp","href":"https:\/\/api.w.org\/{rel}","templated":true}]}}