{"id":1773,"date":"2019-12-06T22:19:42","date_gmt":"2019-12-07T01:19:42","guid":{"rendered":"https:\/\/ensmm-ers.infd.edu.ar\/sitio\/?page_id=1773"},"modified":"2024-05-15T18:09:04","modified_gmt":"2024-05-15T21:09:04","slug":"carreras","status":"publish","type":"page","link":"https:\/\/ensmm-ers.infd.edu.ar\/sitio\/carreras\/","title":{"rendered":"Carreras"},"content":{"rendered":"<h1 style=\"text-align: center;\">Carreras<\/h1>\n<p style=\"text-align: center;\"><div  class=\"lgc-column lgc-grid-parent lgc-grid-25 lgc-tablet-grid-25 lgc-mobile-grid-25 lgc-equal-heights \"><div  style=\"margin-bottom:0px;\" class=\"inside-grid-column\"><a href=\"https:\/\/drive.google.com\/open?id=15fWZO4ef2FKSFGclYg2MBwS-sjZGNJZp\"><img decoding=\"async\" loading=\"lazy\" class=\"alignnone wp-image-2076\" src=\"https:\/\/ensmm-ers.infd.edu.ar\/sitio\/wp-content\/uploads\/2020\/04\/reserve-biblioteca-viejo-libro-texto-abierto-apile-pilas-archivos-texto-literatura-escritorio-lectura_1150-9077.jpg\" alt=\"\" width=\"600\" height=\"400\" \/><\/a>\n<p style=\"text-align: center;\"><a href=\"https:\/\/drive.google.com\/open?id=15fWZO4ef2FKSFGclYg2MBwS-sjZGNJZp\">Profesorado de Educaci\u00f3n Superior en Ciencias de la Educaci\u00f3n <\/a><\/p><\/div><\/div>\n<p style=\"text-align: center;\"><div  class=\"lgc-column lgc-grid-parent lgc-grid-25 lgc-tablet-grid-25 lgc-mobile-grid-25 lgc-equal-heights \"><div  class=\"inside-grid-column\"><a href=\"https:\/\/drive.google.com\/open?id=1cGhoYZZu3X5hkBXkzPHkXbIV_IU4L7tb\"><img decoding=\"async\" loading=\"lazy\" class=\"alignnone wp-image-2078 size-full\" src=\"https:\/\/ensmm-ers.infd.edu.ar\/sitio\/wp-content\/uploads\/2020\/04\/globo-mundo-libro-concepto-escuela-educacion_36051-330-1.jpg\" alt=\"\" width=\"626\" height=\"408\" \/><\/a>\n<p style=\"text-align: center;\"><a href=\"https:\/\/drive.google.com\/open?id=1cGhoYZZu3X5hkBXkzPHkXbIV_IU4L7tb\">Profesorado de Educaci\u00f3n Secundaria en Filosof\u00eda<\/a><\/p><\/div><\/div>\n<p style=\"text-align: center;\"><div  class=\"lgc-column lgc-grid-parent lgc-grid-25 lgc-tablet-grid-25 lgc-mobile-grid-25 lgc-equal-heights \"><div  class=\"inside-grid-column\"><a href=\"https:\/\/drive.google.com\/open?id=1D2q0D6HIPwF7yBNFXDoGcCWyzfqpkFII\"><img decoding=\"async\" loading=\"lazy\" class=\"alignnone wp-image-2077\" src=\"https:\/\/ensmm-ers.infd.edu.ar\/sitio\/wp-content\/uploads\/2020\/04\/clase-e-learning-tecnologia-digital-e-book-concepto-educacion-computadora-pc_1150-9078.jpg\" alt=\"\" width=\"500\" height=\"333\" \/><\/a>\n<p style=\"text-align: center;\"><a href=\"https:\/\/ensmm-ers.infd.edu.ar\/sitio\/disenos-curriculares\/\">Profesor<\/a><a href=\"https:\/\/drive.google.com\/open?id=1D2q0D6HIPwF7yBNFXDoGcCWyzfqpkFII\">ado de Educaci\u00f3n Tecnol\u00f3gica<\/a><\/p><\/div><\/div>\n<p style=\"text-align: center;\"><div  class=\"lgc-column lgc-grid-parent lgc-grid-25 lgc-tablet-grid-25 lgc-mobile-grid-25 lgc-equal-heights \"><div  class=\"inside-grid-column\"><a href=\"https:\/\/drive.google.com\/open?id=1hHV9iyRZGXGXNZP2M4bzywbgb3_ffPSc\"><img decoding=\"async\" loading=\"lazy\" class=\"alignnone wp-image-2079 size-full\" src=\"https:\/\/ensmm-ers.infd.edu.ar\/sitio\/wp-content\/uploads\/2020\/04\/libro-abierto-escritorio-e-isla-estanterias-fondo-sala-clase-estudio-escuela_1150-9076.jpg\" alt=\"\" width=\"626\" height=\"417\" \/><\/a>\n<p style=\"text-align: center;\"><a href=\"https:\/\/drive.google.com\/open?id=1hHV9iyRZGXGXNZP2M4bzywbgb3_ffPSc\">Profesorado de Educaci\u00f3n Secundaria de la Modalidad T\u00e9cnico Profesional en concurrencia con t\u00edtulo de base<\/a><\/p><\/div><\/div><div class=\"lgc-clear\"><\/div>\n<h1 style=\"text-align: center;\">Post\u00edtulos<\/h1>\n<p class=\"entry-title\"><div  class=\"lgc-column lgc-grid-parent lgc-grid-25 lgc-tablet-grid-25 lgc-mobile-grid-25 lgc-equal-heights \"><div  class=\"inside-grid-column\">\n<p><a href=\"https:\/\/ensmm-ers.infd.edu.ar\/sitio\/esp-de-nivel-superior-en-didactica-de-la-ciencias-de-la-computacion\/\" target=\"_blank\" rel=\"noopener\"><img decoding=\"async\" loading=\"lazy\" class=\"alignnone size-full wp-image-2045\" src=\"https:\/\/ensmm-ers.infd.edu.ar\/sitio\/wp-content\/uploads\/2020\/04\/laptop-hand-leave-binary-royalty-free-thumbnail.jpg\" alt=\"\" width=\"350\" height=\"233\" \/><\/a><\/p>\n<p class=\"entry-title\"><a href=\"https:\/\/ensmm-ers.infd.edu.ar\/sitio\/esp-de-nivel-superior-en-didactica-de-la-ciencias-de-la-computacion\/\">Esp. de Nivel Superior en Did\u00e1ctica de la Ciencias de la Computaci\u00f3n<\/a><\/p>\n<p class=\"entry-title\"><\/p><\/div><\/div>\n","protected":false},"excerpt":{"rendered":"<p>Carreras Post\u00edtulos<\/p>\n","protected":false},"author":577,"featured_media":0,"parent":0,"menu_order":0,"comment_status":"closed","ping_status":"closed","template":"","meta":[],"acf":[],"_links":{"self":[{"href":"https:\/\/ensmm-ers.infd.edu.ar\/sitio\/wp-json\/wp\/v2\/pages\/1773"}],"collection":[{"href":"https:\/\/ensmm-ers.infd.edu.ar\/sitio\/wp-json\/wp\/v2\/pages"}],"about":[{"href":"https:\/\/ensmm-ers.infd.edu.ar\/sitio\/wp-json\/wp\/v2\/types\/page"}],"author":[{"embeddable":true,"href":"https:\/\/ensmm-ers.infd.edu.ar\/sitio\/wp-json\/wp\/v2\/users\/577"}],"replies":[{"embeddable":true,"href":"https:\/\/ensmm-ers.infd.edu.ar\/sitio\/wp-json\/wp\/v2\/comments?post=1773"}],"version-history":[{"count":15,"href":"https:\/\/ensmm-ers.infd.edu.ar\/sitio\/wp-json\/wp\/v2\/pages\/1773\/revisions"}],"predecessor-version":[{"id":2987,"href":"https:\/\/ensmm-ers.infd.edu.ar\/sitio\/wp-json\/wp\/v2\/pages\/1773\/revisions\/2987"}],"wp:attachment":[{"href":"https:\/\/ensmm-ers.infd.edu.ar\/sitio\/wp-json\/wp\/v2\/media?parent=1773"}],"curies":[{"name":"wp","href":"https:\/\/api.w.org\/{rel}","templated":true}]}}