{"id":1193,"date":"2018-06-29T18:54:29","date_gmt":"2018-06-29T21:54:29","guid":{"rendered":"https:\/\/ensmm-ers.infd.edu.ar\/sitio\/autoridades\/"},"modified":"2024-09-04T19:22:34","modified_gmt":"2024-09-04T22:22:34","slug":"autoridades","status":"publish","type":"page","link":"https:\/\/ensmm-ers.infd.edu.ar\/sitio\/autoridades\/","title":{"rendered":"Autoridades y personal del ISFD"},"content":{"rendered":"\n<h2 class=\"wp-block-heading has-light-green-cyan-background-color has-background\"><strong>CONSEJO DIRECTIVO&nbsp;<\/strong><\/h2>\n\n\n\n<h6 class=\"wp-block-heading\"><strong>ESTAMENTO DOCENTES:&nbsp;<\/strong><\/h6>\n\n\n\n<ul id=\"block-921bceec-96c3-4185-9d8b-0802083990b9\">\n<li><strong>TITULAR<\/strong>: PROF. CORREA GUILLERMINA\/ <strong>SUPLENTE<\/strong>: P\u00c9REZ MAR\u00cdA NIEVES (CIENCIAS DE LA EDUCACI\u00d3N)\u00a0<\/li>\n\n\n\n<li><strong>TITULAR<\/strong>: PROF. MANSILLA NATALIA \/ <strong>SUPLENTE<\/strong>: GARC\u00cdA GIMENA(FILOSOF\u00cdA)\u00a0<\/li>\n\n\n\n<li><strong>TITULAR<\/strong>: PROF. SCHUTT MAR\u00cdA LAURA \/ <strong>SUPLENTE<\/strong>: MONROY GIOVANA (EDUCACI\u00d3N TECNOL\u00d3GICA)\u00a0<\/li>\n<\/ul>\n\n\n\n<p><strong>ESTAMENTO ESTUDIANTES:<\/strong><\/p>\n\n\n\n<ul id=\"block-921bceec-96c3-4185-9d8b-0802083990b9\">\n<li><strong>TITULARES<\/strong>: RODR\u00cdGUEZ, MAR\u00cdA EUGENIA  Y BEN\u00cdTEZ MARIELA<\/li>\n\n\n\n<li><strong>SUPLENTES<\/strong>: ARANDA FERNANDEZ, JULIANA Y BOCHATAY MIRIAM <\/li>\n<\/ul>\n\n\n\n<h6 class=\"wp-block-heading\"><strong><strong>ESTAMENTO EGRESADOS:&nbsp;<\/strong><\/strong><\/h6>\n\n\n\n<ul id=\"block-921bceec-96c3-4185-9d8b-0802083990b9\">\n<li><strong>TITULAR<\/strong>: GAMERO, SORAYA<\/li>\n\n\n\n<li><strong>SUPLENTE<\/strong>: FERN\u00c1NDEZ, VALERIA \u00a0<\/li>\n<\/ul>\n\n\n\n<hr class=\"wp-block-separator has-css-opacity\"\/>\n\n\n\n<p class=\"has-text-align-center\">E-mail: consejodirectivo.ensmm.isfd.@gmail.com<\/p>\n\n\n\n<hr class=\"wp-block-separator has-css-opacity\"\/>\n\n\n\n<h2 class=\"wp-block-heading has-light-green-cyan-background-color has-background\"><strong><strong>RECTORA<\/strong><\/strong><\/h2>\n\n\n\n<h4 class=\"wp-block-heading has-text-align-center\"><span style=\"font-weight: 400;\">Lic. Marina Ca\u00f1ete&nbsp;<\/span><\/h4>\n\n\n\n<hr class=\"wp-block-separator has-css-opacity\"\/>\n\n\n\n<p class=\"has-text-align-center\">E-mail: rectoria.ensmm.isfd.@gmail.com<\/p>\n\n\n\n<hr class=\"wp-block-separator has-css-opacity\"\/>\n\n\n\n<h2 class=\"wp-block-heading has-light-green-cyan-background-color has-background\"><strong><strong>SECRETARIO<\/strong><\/strong><\/h2>\n\n\n\n<h4 class=\"wp-block-heading has-text-align-center\"><span style=\"font-weight: 400;\">Prof. Horacio Regueyra<\/span><\/h4>\n\n\n\n<hr class=\"wp-block-separator has-css-opacity\"\/>\n\n\n\n<p class=\"has-text-align-center\">E-mail: secretaria.ensmm.isfd.@gmail.com<\/p>\n\n\n\n<hr class=\"wp-block-separator has-css-opacity\"\/>\n\n\n\n<h2 class=\"wp-block-heading has-light-green-cyan-background-color has-background\"><strong><strong>SECRETARIA ACAD\u00c9MICA<\/strong><\/strong><\/h2>\n\n\n\n<h4 class=\"wp-block-heading has-text-align-center\"><span style=\"font-weight: 400;\">Prof. Laura Mansilla&nbsp;<\/span><\/h4>\n\n\n\n<hr class=\"wp-block-separator has-css-opacity\"\/>\n\n\n\n<p class=\"has-text-align-center\">E-mail: academica.ensmm.isfd@gmail.com<\/p>\n\n\n\n<hr class=\"wp-block-separator has-css-opacity\"\/>\n\n\n\n<h2 class=\"wp-block-heading has-light-green-cyan-background-color has-background\"><strong><strong>COORDINADORA DE PR\u00c1CTICAS<\/strong><\/strong><\/h2>\n\n\n\n<h4 class=\"wp-block-heading has-text-align-center\"><span style=\"font-weight: 400;\">Prof. Ana Bottaia<\/span><\/h4>\n\n\n\n<hr class=\"wp-block-separator has-css-opacity\"\/>\n\n\n\n<p class=\"has-text-align-center\">E-mail: coordinacionpd.ensmm.isfd@gmail.com<\/p>\n\n\n\n<hr class=\"wp-block-separator has-css-opacity\"\/>\n\n\n\n<h2 class=\"wp-block-heading has-light-green-cyan-background-color has-background\"><strong><strong>PRECEPTORA<\/strong><\/strong><\/h2>\n\n\n\n<h4 class=\"wp-block-heading has-text-align-center\"><span style=\"font-weight: 400;\">Prof. Yanina Lemos&nbsp;<\/span><\/h4>\n\n\n\n<hr class=\"wp-block-separator has-css-opacity\"\/>\n\n\n\n<p class=\"has-text-align-center\">E-mail: preceptoria.ensmm.isfd@gmail.com<\/p>\n\n\n\n<hr class=\"wp-block-separator has-css-opacity\"\/>\n\n\n\n<h2 class=\"wp-block-heading has-light-green-cyan-background-color has-background\"><strong><strong>REFERENTE TIC<\/strong><\/strong><\/h2>\n\n\n\n<h4 class=\"wp-block-heading has-text-align-center\"><span style=\"font-weight: 400;\">Ing. Viviana Bourdetta&nbsp;<\/span><\/h4>\n\n\n\n<hr class=\"wp-block-separator has-css-opacity\"\/>\n\n\n\n<p class=\"has-text-align-center\">E-mail: referentetic.ensmm.isfd@gmail.com<\/p>\n\n\n\n<hr class=\"wp-block-separator has-css-opacity\"\/>\n\n\n\n<h2 class=\"wp-block-heading has-light-green-cyan-background-color has-background\"><strong><strong>ADMINISTRATIVOS<\/strong>&nbsp;<\/strong><\/h2>\n\n\n\n<h4 class=\"wp-block-heading has-text-align-center\"><b><br><\/b><span style=\"font-weight: 400;\"><b>&nbsp; &nbsp; &nbsp; &nbsp; &nbsp; &nbsp; &nbsp; &nbsp;<\/b>Griselda Gastiasoro<b>&nbsp; &nbsp; &nbsp; &nbsp; &nbsp; &nbsp; &nbsp; &nbsp;<\/b><\/span><\/h4>\n\n\n\n<h4 class=\"wp-block-heading has-text-align-center\"><span style=\"font-weight: 400;\">Hernan Uran<\/span><br><br><\/h4>\n\n\n\n<p><\/p>\n","protected":false},"excerpt":{"rendered":"<p>CONSEJO DIRECTIVO&nbsp; ESTAMENTO DOCENTES:&nbsp; ESTAMENTO ESTUDIANTES: ESTAMENTO EGRESADOS:&nbsp; E-mail: consejodirectivo.ensmm.isfd.@gmail.com RECTORA Lic. Marina Ca\u00f1ete&nbsp; E-mail: rectoria.ensmm.isfd.@gmail.com SECRETARIO Prof. Horacio Regueyra E-mail: secretaria.ensmm.isfd.@gmail.com SECRETARIA ACAD\u00c9MICA Prof. Laura Mansilla&nbsp; E-mail: academica.ensmm.isfd@gmail.com COORDINADORA DE PR\u00c1CTICAS Prof. Ana Bottaia E-mail: coordinacionpd.ensmm.isfd@gmail.com PRECEPTORA Prof. Yanina Lemos&nbsp; E-mail: preceptoria.ensmm.isfd@gmail.com REFERENTE TIC Ing. Viviana Bourdetta&nbsp; E-mail: referentetic.ensmm.isfd@gmail.com ADMINISTRATIVOS&nbsp; &nbsp; &nbsp; &nbsp; &nbsp; &#8230; <a title=\"Autoridades y personal del ISFD\" class=\"read-more\" href=\"https:\/\/ensmm-ers.infd.edu.ar\/sitio\/autoridades\/\" aria-label=\"More on Autoridades y personal del ISFD\">[+]<\/a><\/p>\n","protected":false},"author":577,"featured_media":0,"parent":0,"menu_order":0,"comment_status":"closed","ping_status":"closed","template":"","meta":[],"acf":[],"_links":{"self":[{"href":"https:\/\/ensmm-ers.infd.edu.ar\/sitio\/wp-json\/wp\/v2\/pages\/1193"}],"collection":[{"href":"https:\/\/ensmm-ers.infd.edu.ar\/sitio\/wp-json\/wp\/v2\/pages"}],"about":[{"href":"https:\/\/ensmm-ers.infd.edu.ar\/sitio\/wp-json\/wp\/v2\/types\/page"}],"author":[{"embeddable":true,"href":"https:\/\/ensmm-ers.infd.edu.ar\/sitio\/wp-json\/wp\/v2\/users\/577"}],"replies":[{"embeddable":true,"href":"https:\/\/ensmm-ers.infd.edu.ar\/sitio\/wp-json\/wp\/v2\/comments?post=1193"}],"version-history":[{"count":31,"href":"https:\/\/ensmm-ers.infd.edu.ar\/sitio\/wp-json\/wp\/v2\/pages\/1193\/revisions"}],"predecessor-version":[{"id":3111,"href":"https:\/\/ensmm-ers.infd.edu.ar\/sitio\/wp-json\/wp\/v2\/pages\/1193\/revisions\/3111"}],"wp:attachment":[{"href":"https:\/\/ensmm-ers.infd.edu.ar\/sitio\/wp-json\/wp\/v2\/media?parent=1193"}],"curies":[{"name":"wp","href":"https:\/\/api.w.org\/{rel}","templated":true}]}}